{"id":2188,"date":"2022-03-26T02:50:08","date_gmt":"2022-03-25T23:50:08","guid":{"rendered":"https:\/\/humanskills.blog\/home\/"},"modified":"2023-08-15T15:52:19","modified_gmt":"2023-08-15T13:52:19","slug":"home","status":"publish","type":"page","link":"https:\/\/humanskills.blog\/fr\/home\/","title":{"rendered":"Bienvenue sur le Blog de David Gousset"},"content":{"rendered":"\n<div class=\"wp-block-media-text alignfull has-media-on-the-right is-stacked-on-mobile is-vertically-aligned-top a8c-section is-style-overlap has-background-light-background-color has-background\" style=\"grid-template-columns:auto 15%\"><div class=\"wp-block-media-text__content\">\n<div class=\"wp-block-jetpack-layout-grid alignfull column1-desktop-grid__span-12 column1-desktop-grid__row-1 column1-tablet-grid__span-8 column1-tablet-grid__row-1 column1-mobile-grid__span-4 column1-mobile-grid__row-1\">\n<div class=\"wp-block-jetpack-layout-grid-column wp-block-jetpack-layout-grid__padding-none\">\n<h2 class=\"wp-block-heading a8c-section-title\" id=\"about-me\">\u00c0 propos de moi<\/h2>\n\n\n\n<p class=\"a8c-section-text wp-block-paragraph\">Bonjour, je suis David Gousset. Je partage mes pens\u00e9es et les derni\u00e8res nouvelles et lectures sur les sujets suivants : <\/p>\n\n\n\n<ul class=\"wp-block-list\">\n<li>Gestion et d\u00e9veloppement de l&rsquo;\u00e9quipe ; Motivation<\/li>\n\n\n\n<li>Le <a href=\"https:\/\/humanskills.blog\/fr\/cat&#xE9;gorie\/parcours-employes\/\" target=\"_blank\" rel=\"noreferrer noopener\">parcours employ\u00e9<\/a>. Apprentissage, formation et gestion des talents,<\/li>\n\n\n\n<li>Comp\u00e9tences humaines, comp\u00e9tences g\u00e9n\u00e9rales,  <\/li>\n\n\n\n<li>Le <a href=\"https:\/\/humanskills.blog\/fr\/cat&#xE9;gorie\/developpement-personnel\/\" target=\"_blank\" rel=\"noreferrer noopener\">d\u00e9veloppement personnel<\/a>,  <\/li>\n\n\n\n<li>La <a href=\"https:\/\/humanskills.blog\/fr\/cat&#xE9;gorie\/creativite\/\" target=\"_blank\" rel=\"noreferrer noopener\">cr\u00e9ativit\u00e9<\/a>,<\/li>\n\n\n\n<li>Gestion du changement<\/li>\n\n\n\n<li>Productivit\u00e9, <a href=\"https:\/\/humanskills.blog\/fr\/cat&#xE9;gorie\/gestion-du-temps\/\" target=\"_blank\" rel=\"noreferrer noopener\">gestion du temps<\/a><\/li>\n<\/ul>\n\n\n\n<p class=\"a8c-section-text wp-block-paragraph\">Merci pour votre visite, lecture et commentaires ! <\/p>\n\n\n\n<p class=\"a8c-section-text wp-block-paragraph\">Toujours disponible pour une discussion. V\u00e9rifiez mon <a href=\"https:\/\/calendly.com\/davidgousset\/\" target=\"_blank\" rel=\"noreferrer noopener\">calendrier<\/a>.<\/p>\n\n\n\n<h2 class=\"wp-block-heading\">Contexte<\/h2>\n\n\n\n<p class=\"wp-block-paragraph\">Passionn\u00e9 et curieux dans tout ce que je fais. Simplicit\u00e9, int\u00e9grit\u00e9 et cr\u00e9ativit\u00e9 sont mes autres valeurs.<\/p>\n\n\n\n<p class=\"wp-block-paragraph\">J&rsquo;ai pass\u00e9 beaucoup de temps \u00e0 travailler dans l&rsquo;entreprise familiale pendant mes \u00e9tudes. J&rsquo;ai appris la valeur du travail, l&rsquo;importance de l&rsquo;\u00e9quipe, de la fid\u00e9lit\u00e9 des clients et de l&rsquo;innovation, quelle que soit la taille de l&rsquo;entreprise.<\/p>\n\n\n\n<p class=\"wp-block-paragraph\">Apr\u00e8s des \u00e9tudes d&rsquo;expert-comptable \u00e0 Paris et une premi\u00e8re exp\u00e9rience qui m&rsquo;a ouvert les yeux pendant six mois au Royaume-Uni, j&rsquo;ai d\u00e9cid\u00e9 de travailler \u00e0 l&rsquo;\u00e9tranger, de sortir de ma zone de confort et de changer une vie bien planifi\u00e9e. Au cours de mes exp\u00e9riences professionnelles, j&rsquo;ai fait des allers-retours entre des fonctions financi\u00e8res et op\u00e9rationnelles pour finalement passer \u00e0 la direction g\u00e9n\u00e9rale. Je suis reconnaissant d&rsquo;avoir travaill\u00e9 dans de nombreux environnements divers et multiculturels, tant en mode start-up que dans de grandes entreprises multinationales. Toutes ces entreprises avaient une chose en commun : \u00eatre le num\u00e9ro 1 sur leur march\u00e9. C&rsquo;\u00e9tait tr\u00e8s exigeant mais aussi une grande source de motivation.  <\/p>\n\n\n\n<p class=\"wp-block-paragraph\">Apr\u00e8s plus de 20 ans dans le monde de l&rsquo;entreprise, je suis devenu entrepreneur en 2021. Quand je ne passe pas de temps avec mes merveilleux enfants et ma femme, j&rsquo;adore enseigner, former et lire. <\/p>\n\n\n\n<p class=\"a8c-section-text wp-block-paragraph\">J&rsquo;ai con\u00e7u une bo\u00eete \u00e0 outils num\u00e9rique sur mesure et j&rsquo;ai dispens\u00e9 des formations individuelles et collectives sur les comp\u00e9tences g\u00e9n\u00e9rales et des s\u00e9ances de stimulation. Pour plus d&rsquo;informations, veuillez m&rsquo;\u00e9crire (davidgousset@gmail.com).<\/p>\n\n\n\n<p class=\"a8c-section-text wp-block-paragraph\">Restons en contact! David Gousset.<\/p>\n\n\n<div class=\"wp-block-coblocks-social wp-block-coblocks-social-profiles is-style-icon-and-text has-colors has-button-size-med\"><ul><li><a href=\"https:\/\/twitter.com\/davidgousset\" title=\"Twitter\" class=\"wp-block-button__link wp-block-coblocks-social__button wp-block-coblocks-social__button--twitter has-padding\" style=\"border-radius:40px\" target=\"_blank\" rel=\"noopener noreferrer\"><span class=\"wp-block-coblocks-social__icon\"><\/span><span class=\"wp-block-coblocks-social__text\">Twitter<\/span><\/a><\/li><li><a href=\"https:\/\/www.linkedin.com\/in\/davidgousset\/\" title=\"LinkedIn\" class=\"wp-block-button__link wp-block-coblocks-social__button wp-block-coblocks-social__button--linkedin has-padding\" style=\"border-radius:40px\" target=\"_blank\" rel=\"noopener noreferrer\"><span class=\"wp-block-coblocks-social__icon\"><\/span><span class=\"wp-block-coblocks-social__text\">LinkedIn<\/span><\/a><\/li><\/ul><\/div><\/div>\n<\/div>\n<\/div><figure class=\"wp-block-media-text__media\"><img data-recalc-dims=\"1\" loading=\"lazy\" decoding=\"async\" width=\"760\" height=\"932\" src=\"https:\/\/i0.wp.com\/humanskills.blog\/wp-content\/uploads\/2022\/12\/DavidGousset.jpg?resize=760%2C932&#038;ssl=1\" alt=\"David Gouset\" class=\"wp-image-3656 size-full\" srcset=\"https:\/\/i0.wp.com\/humanskills.blog\/wp-content\/uploads\/2022\/12\/DavidGousset.jpg?resize=835%2C1024&amp;ssl=1 835w, https:\/\/i0.wp.com\/humanskills.blog\/wp-content\/uploads\/2022\/12\/DavidGousset.jpg?resize=245%2C300&amp;ssl=1 245w, https:\/\/i0.wp.com\/humanskills.blog\/wp-content\/uploads\/2022\/12\/DavidGousset.jpg?resize=768%2C942&amp;ssl=1 768w, https:\/\/i0.wp.com\/humanskills.blog\/wp-content\/uploads\/2022\/12\/DavidGousset.jpg?resize=1253%2C1536&amp;ssl=1 1253w, https:\/\/i0.wp.com\/humanskills.blog\/wp-content\/uploads\/2022\/12\/DavidGousset.jpg?resize=1200%2C1471&amp;ssl=1 1200w, https:\/\/i0.wp.com\/humanskills.blog\/wp-content\/uploads\/2022\/12\/DavidGousset.jpg?resize=450%2C552&amp;ssl=1 450w, https:\/\/i0.wp.com\/humanskills.blog\/wp-content\/uploads\/2022\/12\/DavidGousset.jpg?resize=1024%2C1255&amp;ssl=1 1024w, https:\/\/i0.wp.com\/humanskills.blog\/wp-content\/uploads\/2022\/12\/DavidGousset.jpg?resize=489%2C600&amp;ssl=1 489w, https:\/\/i0.wp.com\/humanskills.blog\/wp-content\/uploads\/2022\/12\/DavidGousset.jpg?resize=1320%2C1618&amp;ssl=1 1320w, https:\/\/i0.wp.com\/humanskills.blog\/wp-content\/uploads\/2022\/12\/DavidGousset.jpg?w=1376&amp;ssl=1 1376w\" sizes=\"auto, (max-width: 760px) 100vw, 760px\" \/><\/figure><\/div>\n","protected":false},"excerpt":{"rendered":"","protected":false},"author":61806718,"featured_media":-2188,"parent":0,"menu_order":0,"comment_status":"closed","ping_status":"closed","template":"","meta":{"_coblocks_attr":"","_coblocks_dimensions":"","_coblocks_responsive_height":"","_coblocks_accordion_ie_support":"","_crdt_document":"","jetpack_post_was_ever_published":false,"footnotes":""},"class_list":["post-2188","page","type-page","status-publish","has-post-thumbnail","hentry"],"jetpack_likes_enabled":true,"jetpack_sharing_enabled":true,"jetpack_shortlink":"https:\/\/wp.me\/PcV6rK-zi","amp_enabled":true,"_links":{"self":[{"href":"https:\/\/humanskills.blog\/fr\/wp-json\/wp\/v2\/pages\/2188","targetHints":{"allow":["GET"]}}],"collection":[{"href":"https:\/\/humanskills.blog\/fr\/wp-json\/wp\/v2\/pages"}],"about":[{"href":"https:\/\/humanskills.blog\/fr\/wp-json\/wp\/v2\/types\/page"}],"author":[{"embeddable":true,"href":"https:\/\/humanskills.blog\/fr\/wp-json\/wp\/v2\/users\/61806718"}],"replies":[{"embeddable":true,"href":"https:\/\/humanskills.blog\/fr\/wp-json\/wp\/v2\/comments?post=2188"}],"version-history":[{"count":6,"href":"https:\/\/humanskills.blog\/fr\/wp-json\/wp\/v2\/pages\/2188\/revisions"}],"predecessor-version":[{"id":5711,"href":"https:\/\/humanskills.blog\/fr\/wp-json\/wp\/v2\/pages\/2188\/revisions\/5711"}],"wp:featuredmedia":[{"embeddable":true,"href":"https:\/\/humanskills.blog\/fr\/wp-json\/"}],"wp:attachment":[{"href":"https:\/\/humanskills.blog\/fr\/wp-json\/wp\/v2\/media?parent=2188"}],"curies":[{"name":"wp","href":"https:\/\/api.w.org\/{rel}","templated":true}]}}